{"id":503,"date":"2025-08-10T13:50:04","date_gmt":"2025-08-10T10:50:04","guid":{"rendered":"https:\/\/m.fileorg.fun\/ana-sayfa\/"},"modified":"2026-04-18T08:18:02","modified_gmt":"2026-04-18T05:18:02","slug":"home-page","status":"publish","type":"page","link":"https:\/\/makevents.com.tr\/tr\/","title":{"rendered":"Ana Sayfa"},"content":{"rendered":"","protected":false},"excerpt":{"rendered":"","protected":false},"author":1,"featured_media":0,"parent":0,"menu_order":0,"comment_status":"closed","ping_status":"closed","template":"","meta":{"_acf_changed":false,"footnotes":""},"class_list":["post-503","page","type-page","status-publish","hentry"],"acf":[],"yoast_head":"<!-- This site is optimized with the Yoast SEO plugin v26.9 - https:\/\/yoast.com\/product\/yoast-seo-wordpress\/ -->\n<title>T\u00fcrkiye\u2019de Etkinlik Y\u00f6netimi ve Organizasyon \u015eirketi | Make Events<\/title>\n<meta name=\"description\" content=\"Make Events, T\u00fcrkiye\u2019de profesyonel etkinlik y\u00f6netimi ve organizasyon hizmetleri sunar; kurumsal etkinlikler, toplant\u0131lar, konferanslar, MICE organizasyonlar\u0131, te\u015fvik gezileri, gala geceleri, marka lansmanlar\u0131 ve Antalya, Bodrum ve \u0130stanbul\u2019da l\u00fcks d\u00fc\u011f\u00fcnler.\" \/>\n<meta name=\"robots\" content=\"index, follow, max-snippet:-1, max-image-preview:large, max-video-preview:-1\" \/>\n<link rel=\"canonical\" href=\"https:\/\/makevents.com.tr\/tr\/\" \/>\n<meta property=\"og:locale\" content=\"tr_TR\" \/>\n<meta property=\"og:type\" content=\"article\" \/>\n<meta property=\"og:title\" content=\"T\u00fcrkiye\u2019de Etkinlik Y\u00f6netimi ve Organizasyon \u015eirketi | Make Events\" \/>\n<meta property=\"og:description\" content=\"Make Events, T\u00fcrkiye\u2019de profesyonel etkinlik y\u00f6netimi ve organizasyon hizmetleri sunar; kurumsal etkinlikler, toplant\u0131lar, konferanslar, MICE organizasyonlar\u0131, te\u015fvik gezileri, gala geceleri, marka lansmanlar\u0131 ve Antalya, Bodrum ve \u0130stanbul\u2019da l\u00fcks d\u00fc\u011f\u00fcnler.\" \/>\n<meta property=\"og:url\" content=\"https:\/\/makevents.com.tr\/tr\/\" \/>\n<meta property=\"og:site_name\" content=\"Make Events\" \/>\n<meta property=\"article:publisher\" content=\"https:\/\/www.facebook.com\/profile.php?id=61584428890322&amp;sfnsn=wa\" \/>\n<meta property=\"article:modified_time\" content=\"2026-04-18T05:18:02+00:00\" \/>\n<meta name=\"twitter:card\" content=\"summary_large_image\" \/>\n<script type=\"application\/ld+json\" class=\"yoast-schema-graph\">{\"@context\":\"https:\/\/schema.org\",\"@graph\":[{\"@type\":\"WebPage\",\"@id\":\"https:\/\/makevents.com.tr\/tr\/\",\"url\":\"https:\/\/makevents.com.tr\/tr\/\",\"name\":\"T\u00fcrkiye\u2019de Etkinlik Y\u00f6netimi ve Organizasyon \u015eirketi | Make Events\",\"isPartOf\":{\"@id\":\"https:\/\/makevents.com.tr\/tr\/#website\"},\"datePublished\":\"2025-08-10T10:50:04+00:00\",\"dateModified\":\"2026-04-18T05:18:02+00:00\",\"description\":\"Make Events, T\u00fcrkiye\u2019de profesyonel etkinlik y\u00f6netimi ve organizasyon hizmetleri sunar; kurumsal etkinlikler, toplant\u0131lar, konferanslar, MICE organizasyonlar\u0131, te\u015fvik gezileri, gala geceleri, marka lansmanlar\u0131 ve Antalya, Bodrum ve \u0130stanbul\u2019da l\u00fcks d\u00fc\u011f\u00fcnler.\",\"breadcrumb\":{\"@id\":\"https:\/\/makevents.com.tr\/tr\/#breadcrumb\"},\"inLanguage\":\"tr\",\"potentialAction\":[{\"@type\":\"ReadAction\",\"target\":[\"https:\/\/makevents.com.tr\/tr\/\"]}]},{\"@type\":\"BreadcrumbList\",\"@id\":\"https:\/\/makevents.com.tr\/tr\/#breadcrumb\",\"itemListElement\":[{\"@type\":\"ListItem\",\"position\":1,\"name\":\"Home\",\"item\":\"https:\/\/makevents.com.tr\/tr\/\"},{\"@type\":\"ListItem\",\"position\":2,\"name\":\"Ana Sayfa\"}]},{\"@type\":\"WebSite\",\"@id\":\"https:\/\/makevents.com.tr\/tr\/#website\",\"url\":\"https:\/\/makevents.com.tr\/tr\/\",\"name\":\"Make Events\",\"description\":\"Event Management &amp; Organization \u0421ompany in Turkey\",\"publisher\":{\"@id\":\"https:\/\/makevents.com.tr\/tr\/#organization\"},\"potentialAction\":[{\"@type\":\"SearchAction\",\"target\":{\"@type\":\"EntryPoint\",\"urlTemplate\":\"https:\/\/makevents.com.tr\/tr\/?s={search_term_string}\"},\"query-input\":{\"@type\":\"PropertyValueSpecification\",\"valueRequired\":true,\"valueName\":\"search_term_string\"}}],\"inLanguage\":\"tr\"},{\"@type\":\"Organization\",\"@id\":\"https:\/\/makevents.com.tr\/tr\/#organization\",\"name\":\"Make Events\",\"url\":\"https:\/\/makevents.com.tr\/tr\/\",\"logo\":{\"@type\":\"ImageObject\",\"inLanguage\":\"tr\",\"@id\":\"https:\/\/makevents.com.tr\/tr\/#\/schema\/logo\/image\/\",\"url\":\"https:\/\/makevents.com.tr\/wp-content\/uploads\/2025\/12\/Logo.jpg\",\"contentUrl\":\"https:\/\/makevents.com.tr\/wp-content\/uploads\/2025\/12\/Logo.jpg\",\"width\":696,\"height\":696,\"caption\":\"Make Events\"},\"image\":{\"@id\":\"https:\/\/makevents.com.tr\/tr\/#\/schema\/logo\/image\/\"},\"sameAs\":[\"https:\/\/www.facebook.com\/profile.php?id=61584428890322&sfnsn=wa\",\"https:\/\/www.instagram.com\/makevents_tr?igsh=MTI2dGRvZnhvb3Vjeg==\"]}]}<\/script>\n<!-- \/ Yoast SEO plugin. -->","yoast_head_json":{"title":"T\u00fcrkiye\u2019de Etkinlik Y\u00f6netimi ve Organizasyon \u015eirketi | Make Events","description":"Make Events, T\u00fcrkiye\u2019de profesyonel etkinlik y\u00f6netimi ve organizasyon hizmetleri sunar; kurumsal etkinlikler, toplant\u0131lar, konferanslar, MICE organizasyonlar\u0131, te\u015fvik gezileri, gala geceleri, marka lansmanlar\u0131 ve Antalya, Bodrum ve \u0130stanbul\u2019da l\u00fcks d\u00fc\u011f\u00fcnler.","robots":{"index":"index","follow":"follow","max-snippet":"max-snippet:-1","max-image-preview":"max-image-preview:large","max-video-preview":"max-video-preview:-1"},"canonical":"https:\/\/makevents.com.tr\/tr\/","og_locale":"tr_TR","og_type":"article","og_title":"T\u00fcrkiye\u2019de Etkinlik Y\u00f6netimi ve Organizasyon \u015eirketi | Make Events","og_description":"Make Events, T\u00fcrkiye\u2019de profesyonel etkinlik y\u00f6netimi ve organizasyon hizmetleri sunar; kurumsal etkinlikler, toplant\u0131lar, konferanslar, MICE organizasyonlar\u0131, te\u015fvik gezileri, gala geceleri, marka lansmanlar\u0131 ve Antalya, Bodrum ve \u0130stanbul\u2019da l\u00fcks d\u00fc\u011f\u00fcnler.","og_url":"https:\/\/makevents.com.tr\/tr\/","og_site_name":"Make Events","article_publisher":"https:\/\/www.facebook.com\/profile.php?id=61584428890322&sfnsn=wa","article_modified_time":"2026-04-18T05:18:02+00:00","twitter_card":"summary_large_image","schema":{"@context":"https:\/\/schema.org","@graph":[{"@type":"WebPage","@id":"https:\/\/makevents.com.tr\/tr\/","url":"https:\/\/makevents.com.tr\/tr\/","name":"T\u00fcrkiye\u2019de Etkinlik Y\u00f6netimi ve Organizasyon \u015eirketi | Make Events","isPartOf":{"@id":"https:\/\/makevents.com.tr\/tr\/#website"},"datePublished":"2025-08-10T10:50:04+00:00","dateModified":"2026-04-18T05:18:02+00:00","description":"Make Events, T\u00fcrkiye\u2019de profesyonel etkinlik y\u00f6netimi ve organizasyon hizmetleri sunar; kurumsal etkinlikler, toplant\u0131lar, konferanslar, MICE organizasyonlar\u0131, te\u015fvik gezileri, gala geceleri, marka lansmanlar\u0131 ve Antalya, Bodrum ve \u0130stanbul\u2019da l\u00fcks d\u00fc\u011f\u00fcnler.","breadcrumb":{"@id":"https:\/\/makevents.com.tr\/tr\/#breadcrumb"},"inLanguage":"tr","potentialAction":[{"@type":"ReadAction","target":["https:\/\/makevents.com.tr\/tr\/"]}]},{"@type":"BreadcrumbList","@id":"https:\/\/makevents.com.tr\/tr\/#breadcrumb","itemListElement":[{"@type":"ListItem","position":1,"name":"Home","item":"https:\/\/makevents.com.tr\/tr\/"},{"@type":"ListItem","position":2,"name":"Ana Sayfa"}]},{"@type":"WebSite","@id":"https:\/\/makevents.com.tr\/tr\/#website","url":"https:\/\/makevents.com.tr\/tr\/","name":"Make Events","description":"Event Management &amp; Organization \u0421ompany in Turkey","publisher":{"@id":"https:\/\/makevents.com.tr\/tr\/#organization"},"potentialAction":[{"@type":"SearchAction","target":{"@type":"EntryPoint","urlTemplate":"https:\/\/makevents.com.tr\/tr\/?s={search_term_string}"},"query-input":{"@type":"PropertyValueSpecification","valueRequired":true,"valueName":"search_term_string"}}],"inLanguage":"tr"},{"@type":"Organization","@id":"https:\/\/makevents.com.tr\/tr\/#organization","name":"Make Events","url":"https:\/\/makevents.com.tr\/tr\/","logo":{"@type":"ImageObject","inLanguage":"tr","@id":"https:\/\/makevents.com.tr\/tr\/#\/schema\/logo\/image\/","url":"https:\/\/makevents.com.tr\/wp-content\/uploads\/2025\/12\/Logo.jpg","contentUrl":"https:\/\/makevents.com.tr\/wp-content\/uploads\/2025\/12\/Logo.jpg","width":696,"height":696,"caption":"Make Events"},"image":{"@id":"https:\/\/makevents.com.tr\/tr\/#\/schema\/logo\/image\/"},"sameAs":["https:\/\/www.facebook.com\/profile.php?id=61584428890322&sfnsn=wa","https:\/\/www.instagram.com\/makevents_tr?igsh=MTI2dGRvZnhvb3Vjeg=="]}]}},"_links":{"self":[{"href":"https:\/\/makevents.com.tr\/tr\/wp-json\/wp\/v2\/pages\/503","targetHints":{"allow":["GET"]}}],"collection":[{"href":"https:\/\/makevents.com.tr\/tr\/wp-json\/wp\/v2\/pages"}],"about":[{"href":"https:\/\/makevents.com.tr\/tr\/wp-json\/wp\/v2\/types\/page"}],"author":[{"embeddable":true,"href":"https:\/\/makevents.com.tr\/tr\/wp-json\/wp\/v2\/users\/1"}],"replies":[{"embeddable":true,"href":"https:\/\/makevents.com.tr\/tr\/wp-json\/wp\/v2\/comments?post=503"}],"version-history":[{"count":37,"href":"https:\/\/makevents.com.tr\/tr\/wp-json\/wp\/v2\/pages\/503\/revisions"}],"predecessor-version":[{"id":2032,"href":"https:\/\/makevents.com.tr\/tr\/wp-json\/wp\/v2\/pages\/503\/revisions\/2032"}],"wp:attachment":[{"href":"https:\/\/makevents.com.tr\/tr\/wp-json\/wp\/v2\/media?parent=503"}],"curies":[{"name":"wp","href":"https:\/\/api.w.org\/{rel}","templated":true}]}}