{"id":482,"date":"2025-10-01T16:33:41","date_gmt":"2025-10-01T13:33:41","guid":{"rendered":"https:\/\/m.fileorg.fun\/atmosfer\/"},"modified":"2025-12-04T15:42:12","modified_gmt":"2025-12-04T12:42:12","slug":"atmosfer","status":"publish","type":"page","link":"https:\/\/makevents.com.tr\/tr\/atmosfer\/","title":{"rendered":"The vibes"},"content":{"rendered":"<p><strong data-start=\"171\" data-end=\"197\">The Vibes by Makevents<\/strong>, Antalya ve Bodrum\u2019daki etkinliklerimizin g\u00f6rsel hik\u00e2yelerinden olu\u015fan bir koleksiyondur. L\u00fcks d\u00fc\u011f\u00fcnlerden kurumsal prod\u00fcksiyonlara kadar uzanan, etkinliklerimizin atmosferini yans\u0131tan se\u00e7ili anlar\u0131 bir araya getirdik. Bu kareler; tasar\u0131m kalitemizi, \u0131\u015f\u0131k \u00e7\u00f6z\u00fcmlerindeki ustal\u0131\u011f\u0131m\u0131z\u0131 ve etkinlik m\u00fckemmelli\u011fimizi ortaya koyar. Her bir g\u00f6rsel, Make Events\u2019in premium deneyimlere, yarat\u0131c\u0131 konseptlere ve kusursuz uygulamaya olan ba\u011fl\u0131l\u0131\u011f\u0131n\u0131 yans\u0131t\u0131r.<\/p>\n","protected":false},"excerpt":{"rendered":"<p>The Vibes by Makevents, Antalya ve Bodrum\u2019daki etkinliklerimizin g\u00f6rsel hik\u00e2yelerinden olu\u015fan bir koleksiyondur. L\u00fcks d\u00fc\u011f\u00fcnlerden kurumsal prod\u00fcksiyonlara kadar uzanan, etkinliklerimizin atmosferini yans\u0131tan se\u00e7ili anlar\u0131 bir araya getirdik. Bu kareler; tasar\u0131m kalitemizi, \u0131\u015f\u0131k \u00e7\u00f6z\u00fcmlerindeki ustal\u0131\u011f\u0131m\u0131z\u0131 ve etkinlik m\u00fckemmelli\u011fimizi ortaya koyar. Her bir g\u00f6rsel, Make Events\u2019in premium deneyimlere, yarat\u0131c\u0131 konseptlere ve kusursuz uygulamaya olan ba\u011fl\u0131l\u0131\u011f\u0131n\u0131 yans\u0131t\u0131r.<\/p>\n","protected":false},"author":1,"featured_media":0,"parent":0,"menu_order":0,"comment_status":"closed","ping_status":"closed","template":"page-vibes.php","meta":{"_acf_changed":false,"footnotes":""},"class_list":["post-482","page","type-page","status-publish","hentry"],"acf":[],"yoast_head":"<!-- This site is optimized with the Yoast SEO plugin v26.9 - https:\/\/yoast.com\/product\/yoast-seo-wordpress\/ -->\n<title>The Vibes \u2013 Etkinlik Galerisi | Makevents Antalya &amp; Bodrum<\/title>\n<meta name=\"description\" content=\"Makevents\u2019in The Vibes galerisini ke\u015ffedin \u2014 Antalya ve Bodrum\u2019daki se\u00e7kin etkinliklerimizden unutulmaz atmosferler, zarif tasar\u0131mlar ve imza dokunu\u015fumuzla olu\u015fturulan \u00f6zel anlar.\" \/>\n<meta name=\"robots\" content=\"index, follow, max-snippet:-1, max-image-preview:large, max-video-preview:-1\" \/>\n<link rel=\"canonical\" href=\"https:\/\/makevents.com.tr\/tr\/atmosfer\/\" \/>\n<meta property=\"og:locale\" content=\"tr_TR\" \/>\n<meta property=\"og:type\" content=\"article\" \/>\n<meta property=\"og:title\" content=\"The Vibes \u2013 Etkinlik Galerisi | Makevents Antalya &amp; Bodrum\" \/>\n<meta property=\"og:description\" content=\"Makevents\u2019in The Vibes galerisini ke\u015ffedin \u2014 Antalya ve Bodrum\u2019daki se\u00e7kin etkinliklerimizden unutulmaz atmosferler, zarif tasar\u0131mlar ve imza dokunu\u015fumuzla olu\u015fturulan \u00f6zel anlar.\" \/>\n<meta property=\"og:url\" content=\"https:\/\/makevents.com.tr\/tr\/atmosfer\/\" \/>\n<meta property=\"og:site_name\" content=\"Make Events\" \/>\n<meta property=\"article:publisher\" content=\"https:\/\/www.facebook.com\/profile.php?id=61584428890322&amp;sfnsn=wa\" \/>\n<meta property=\"article:modified_time\" content=\"2025-12-04T12:42:12+00:00\" \/>\n<meta name=\"twitter:card\" content=\"summary_large_image\" \/>\n<meta name=\"twitter:label1\" content=\"Tahmini okuma s\u00fcresi\" \/>\n\t<meta name=\"twitter:data1\" content=\"1 dakika\" \/>\n<script type=\"application\/ld+json\" class=\"yoast-schema-graph\">{\"@context\":\"https:\/\/schema.org\",\"@graph\":[{\"@type\":\"WebPage\",\"@id\":\"https:\/\/makevents.com.tr\/tr\/atmosfer\/\",\"url\":\"https:\/\/makevents.com.tr\/tr\/atmosfer\/\",\"name\":\"The Vibes \u2013 Etkinlik Galerisi | Makevents Antalya & Bodrum\",\"isPartOf\":{\"@id\":\"https:\/\/makevents.com.tr\/tr\/#website\"},\"datePublished\":\"2025-10-01T13:33:41+00:00\",\"dateModified\":\"2025-12-04T12:42:12+00:00\",\"description\":\"Makevents\u2019in The Vibes galerisini ke\u015ffedin \u2014 Antalya ve Bodrum\u2019daki se\u00e7kin etkinliklerimizden unutulmaz atmosferler, zarif tasar\u0131mlar ve imza dokunu\u015fumuzla olu\u015fturulan \u00f6zel anlar.\",\"breadcrumb\":{\"@id\":\"https:\/\/makevents.com.tr\/tr\/atmosfer\/#breadcrumb\"},\"inLanguage\":\"tr\",\"potentialAction\":[{\"@type\":\"ReadAction\",\"target\":[\"https:\/\/makevents.com.tr\/tr\/atmosfer\/\"]}]},{\"@type\":\"BreadcrumbList\",\"@id\":\"https:\/\/makevents.com.tr\/tr\/atmosfer\/#breadcrumb\",\"itemListElement\":[{\"@type\":\"ListItem\",\"position\":1,\"name\":\"Home\",\"item\":\"https:\/\/makevents.com.tr\/tr\/\"},{\"@type\":\"ListItem\",\"position\":2,\"name\":\"The vibes\"}]},{\"@type\":\"WebSite\",\"@id\":\"https:\/\/makevents.com.tr\/tr\/#website\",\"url\":\"https:\/\/makevents.com.tr\/tr\/\",\"name\":\"Make Events\",\"description\":\"Event Management &amp; Organization \u0421ompany in Turkey\",\"publisher\":{\"@id\":\"https:\/\/makevents.com.tr\/tr\/#organization\"},\"potentialAction\":[{\"@type\":\"SearchAction\",\"target\":{\"@type\":\"EntryPoint\",\"urlTemplate\":\"https:\/\/makevents.com.tr\/tr\/?s={search_term_string}\"},\"query-input\":{\"@type\":\"PropertyValueSpecification\",\"valueRequired\":true,\"valueName\":\"search_term_string\"}}],\"inLanguage\":\"tr\"},{\"@type\":\"Organization\",\"@id\":\"https:\/\/makevents.com.tr\/tr\/#organization\",\"name\":\"Make Events\",\"url\":\"https:\/\/makevents.com.tr\/tr\/\",\"logo\":{\"@type\":\"ImageObject\",\"inLanguage\":\"tr\",\"@id\":\"https:\/\/makevents.com.tr\/tr\/#\/schema\/logo\/image\/\",\"url\":\"https:\/\/makevents.com.tr\/wp-content\/uploads\/2025\/12\/Logo.jpg\",\"contentUrl\":\"https:\/\/makevents.com.tr\/wp-content\/uploads\/2025\/12\/Logo.jpg\",\"width\":696,\"height\":696,\"caption\":\"Make Events\"},\"image\":{\"@id\":\"https:\/\/makevents.com.tr\/tr\/#\/schema\/logo\/image\/\"},\"sameAs\":[\"https:\/\/www.facebook.com\/profile.php?id=61584428890322&sfnsn=wa\",\"https:\/\/www.instagram.com\/makevents_tr?igsh=MTI2dGRvZnhvb3Vjeg==\"]}]}<\/script>\n<!-- \/ Yoast SEO plugin. -->","yoast_head_json":{"title":"The Vibes \u2013 Etkinlik Galerisi | Makevents Antalya & Bodrum","description":"Makevents\u2019in The Vibes galerisini ke\u015ffedin \u2014 Antalya ve Bodrum\u2019daki se\u00e7kin etkinliklerimizden unutulmaz atmosferler, zarif tasar\u0131mlar ve imza dokunu\u015fumuzla olu\u015fturulan \u00f6zel anlar.","robots":{"index":"index","follow":"follow","max-snippet":"max-snippet:-1","max-image-preview":"max-image-preview:large","max-video-preview":"max-video-preview:-1"},"canonical":"https:\/\/makevents.com.tr\/tr\/atmosfer\/","og_locale":"tr_TR","og_type":"article","og_title":"The Vibes \u2013 Etkinlik Galerisi | Makevents Antalya & Bodrum","og_description":"Makevents\u2019in The Vibes galerisini ke\u015ffedin \u2014 Antalya ve Bodrum\u2019daki se\u00e7kin etkinliklerimizden unutulmaz atmosferler, zarif tasar\u0131mlar ve imza dokunu\u015fumuzla olu\u015fturulan \u00f6zel anlar.","og_url":"https:\/\/makevents.com.tr\/tr\/atmosfer\/","og_site_name":"Make Events","article_publisher":"https:\/\/www.facebook.com\/profile.php?id=61584428890322&sfnsn=wa","article_modified_time":"2025-12-04T12:42:12+00:00","twitter_card":"summary_large_image","twitter_misc":{"Tahmini okuma s\u00fcresi":"1 dakika"},"schema":{"@context":"https:\/\/schema.org","@graph":[{"@type":"WebPage","@id":"https:\/\/makevents.com.tr\/tr\/atmosfer\/","url":"https:\/\/makevents.com.tr\/tr\/atmosfer\/","name":"The Vibes \u2013 Etkinlik Galerisi | Makevents Antalya & Bodrum","isPartOf":{"@id":"https:\/\/makevents.com.tr\/tr\/#website"},"datePublished":"2025-10-01T13:33:41+00:00","dateModified":"2025-12-04T12:42:12+00:00","description":"Makevents\u2019in The Vibes galerisini ke\u015ffedin \u2014 Antalya ve Bodrum\u2019daki se\u00e7kin etkinliklerimizden unutulmaz atmosferler, zarif tasar\u0131mlar ve imza dokunu\u015fumuzla olu\u015fturulan \u00f6zel anlar.","breadcrumb":{"@id":"https:\/\/makevents.com.tr\/tr\/atmosfer\/#breadcrumb"},"inLanguage":"tr","potentialAction":[{"@type":"ReadAction","target":["https:\/\/makevents.com.tr\/tr\/atmosfer\/"]}]},{"@type":"BreadcrumbList","@id":"https:\/\/makevents.com.tr\/tr\/atmosfer\/#breadcrumb","itemListElement":[{"@type":"ListItem","position":1,"name":"Home","item":"https:\/\/makevents.com.tr\/tr\/"},{"@type":"ListItem","position":2,"name":"The vibes"}]},{"@type":"WebSite","@id":"https:\/\/makevents.com.tr\/tr\/#website","url":"https:\/\/makevents.com.tr\/tr\/","name":"Make Events","description":"Event Management &amp; Organization \u0421ompany in Turkey","publisher":{"@id":"https:\/\/makevents.com.tr\/tr\/#organization"},"potentialAction":[{"@type":"SearchAction","target":{"@type":"EntryPoint","urlTemplate":"https:\/\/makevents.com.tr\/tr\/?s={search_term_string}"},"query-input":{"@type":"PropertyValueSpecification","valueRequired":true,"valueName":"search_term_string"}}],"inLanguage":"tr"},{"@type":"Organization","@id":"https:\/\/makevents.com.tr\/tr\/#organization","name":"Make Events","url":"https:\/\/makevents.com.tr\/tr\/","logo":{"@type":"ImageObject","inLanguage":"tr","@id":"https:\/\/makevents.com.tr\/tr\/#\/schema\/logo\/image\/","url":"https:\/\/makevents.com.tr\/wp-content\/uploads\/2025\/12\/Logo.jpg","contentUrl":"https:\/\/makevents.com.tr\/wp-content\/uploads\/2025\/12\/Logo.jpg","width":696,"height":696,"caption":"Make Events"},"image":{"@id":"https:\/\/makevents.com.tr\/tr\/#\/schema\/logo\/image\/"},"sameAs":["https:\/\/www.facebook.com\/profile.php?id=61584428890322&sfnsn=wa","https:\/\/www.instagram.com\/makevents_tr?igsh=MTI2dGRvZnhvb3Vjeg=="]}]}},"_links":{"self":[{"href":"https:\/\/makevents.com.tr\/tr\/wp-json\/wp\/v2\/pages\/482","targetHints":{"allow":["GET"]}}],"collection":[{"href":"https:\/\/makevents.com.tr\/tr\/wp-json\/wp\/v2\/pages"}],"about":[{"href":"https:\/\/makevents.com.tr\/tr\/wp-json\/wp\/v2\/types\/page"}],"author":[{"embeddable":true,"href":"https:\/\/makevents.com.tr\/tr\/wp-json\/wp\/v2\/users\/1"}],"replies":[{"embeddable":true,"href":"https:\/\/makevents.com.tr\/tr\/wp-json\/wp\/v2\/comments?post=482"}],"version-history":[{"count":8,"href":"https:\/\/makevents.com.tr\/tr\/wp-json\/wp\/v2\/pages\/482\/revisions"}],"predecessor-version":[{"id":1349,"href":"https:\/\/makevents.com.tr\/tr\/wp-json\/wp\/v2\/pages\/482\/revisions\/1349"}],"wp:attachment":[{"href":"https:\/\/makevents.com.tr\/tr\/wp-json\/wp\/v2\/media?parent=482"}],"curies":[{"name":"wp","href":"https:\/\/api.w.org\/{rel}","templated":true}]}}