{"id":472,"date":"2025-08-15T19:00:37","date_gmt":"2025-08-15T16:00:37","guid":{"rendered":"https:\/\/m.fileorg.fun\/bizimle-iletisime-gecin\/"},"modified":"2025-12-03T23:19:11","modified_gmt":"2025-12-03T20:19:11","slug":"bizimle-iletisime-gecin","status":"publish","type":"page","link":"https:\/\/makevents.com.tr\/tr\/bizimle-iletisime-gecin\/","title":{"rendered":"\u0130leti\u015fim"},"content":{"rendered":"<p>her b\u00fcy\u00fck etkinlik<br \/>\nbir <strong>konu\u015fma<\/strong> ile ba\u015flar<\/p>\n","protected":false},"excerpt":{"rendered":"<p>her b\u00fcy\u00fck etkinlik bir konu\u015fma ile ba\u015flar<\/p>\n","protected":false},"author":1,"featured_media":0,"parent":0,"menu_order":0,"comment_status":"closed","ping_status":"closed","template":"page-contacts.php","meta":{"_acf_changed":false,"footnotes":""},"class_list":["post-472","page","type-page","status-publish","hentry"],"acf":[],"yoast_head":"<!-- This site is optimized with the Yoast SEO plugin v26.9 - https:\/\/yoast.com\/product\/yoast-seo-wordpress\/ -->\n<title>Make Events ile \u0130leti\u015fim | T\u00fcrkiye\u2019de Profesyonel Etkinlik Hizmetleri<\/title>\n<meta name=\"description\" content=\"T\u00fcrkiye\u2019de profesyonel etkinlik hizmetleri i\u00e7in Make Events ile ileti\u015fime ge\u00e7in. D\u00fc\u011f\u00fcnler, kurumsal etkinlikler, gala geceleri, konferanslar ve tam kapsaml\u0131 etkinlik planlama ile prod\u00fcksiyon hizmetleri sunuyoruz. Antalya ve Bodrum\u2019da hizmetinizdeyiz.\" \/>\n<meta name=\"robots\" content=\"index, follow, max-snippet:-1, max-image-preview:large, max-video-preview:-1\" \/>\n<link rel=\"canonical\" href=\"https:\/\/makevents.com.tr\/tr\/bizimle-iletisime-gecin\/\" \/>\n<meta property=\"og:locale\" content=\"tr_TR\" \/>\n<meta property=\"og:type\" content=\"article\" \/>\n<meta property=\"og:title\" content=\"Make Events ile \u0130leti\u015fim | T\u00fcrkiye\u2019de Profesyonel Etkinlik Hizmetleri\" \/>\n<meta property=\"og:description\" content=\"T\u00fcrkiye\u2019de profesyonel etkinlik hizmetleri i\u00e7in Make Events ile ileti\u015fime ge\u00e7in. D\u00fc\u011f\u00fcnler, kurumsal etkinlikler, gala geceleri, konferanslar ve tam kapsaml\u0131 etkinlik planlama ile prod\u00fcksiyon hizmetleri sunuyoruz. Antalya ve Bodrum\u2019da hizmetinizdeyiz.\" \/>\n<meta property=\"og:url\" content=\"https:\/\/makevents.com.tr\/tr\/bizimle-iletisime-gecin\/\" \/>\n<meta property=\"og:site_name\" content=\"Make Events\" \/>\n<meta property=\"article:publisher\" content=\"https:\/\/www.facebook.com\/profile.php?id=61584428890322&amp;sfnsn=wa\" \/>\n<meta property=\"article:modified_time\" content=\"2025-12-03T20:19:11+00:00\" \/>\n<meta name=\"twitter:card\" content=\"summary_large_image\" \/>\n<meta name=\"twitter:label1\" content=\"Tahmini okuma s\u00fcresi\" \/>\n\t<meta name=\"twitter:data1\" content=\"1 dakika\" \/>\n<script type=\"application\/ld+json\" class=\"yoast-schema-graph\">{\"@context\":\"https:\/\/schema.org\",\"@graph\":[{\"@type\":\"WebPage\",\"@id\":\"https:\/\/makevents.com.tr\/tr\/bizimle-iletisime-gecin\/\",\"url\":\"https:\/\/makevents.com.tr\/tr\/bizimle-iletisime-gecin\/\",\"name\":\"Make Events ile \u0130leti\u015fim | T\u00fcrkiye\u2019de Profesyonel Etkinlik Hizmetleri\",\"isPartOf\":{\"@id\":\"https:\/\/makevents.com.tr\/tr\/#website\"},\"datePublished\":\"2025-08-15T16:00:37+00:00\",\"dateModified\":\"2025-12-03T20:19:11+00:00\",\"description\":\"T\u00fcrkiye\u2019de profesyonel etkinlik hizmetleri i\u00e7in Make Events ile ileti\u015fime ge\u00e7in. D\u00fc\u011f\u00fcnler, kurumsal etkinlikler, gala geceleri, konferanslar ve tam kapsaml\u0131 etkinlik planlama ile prod\u00fcksiyon hizmetleri sunuyoruz. Antalya ve Bodrum\u2019da hizmetinizdeyiz.\",\"breadcrumb\":{\"@id\":\"https:\/\/makevents.com.tr\/tr\/bizimle-iletisime-gecin\/#breadcrumb\"},\"inLanguage\":\"tr\",\"potentialAction\":[{\"@type\":\"ReadAction\",\"target\":[\"https:\/\/makevents.com.tr\/tr\/bizimle-iletisime-gecin\/\"]}]},{\"@type\":\"BreadcrumbList\",\"@id\":\"https:\/\/makevents.com.tr\/tr\/bizimle-iletisime-gecin\/#breadcrumb\",\"itemListElement\":[{\"@type\":\"ListItem\",\"position\":1,\"name\":\"Home\",\"item\":\"https:\/\/makevents.com.tr\/tr\/\"},{\"@type\":\"ListItem\",\"position\":2,\"name\":\"\u0130leti\u015fim\"}]},{\"@type\":\"WebSite\",\"@id\":\"https:\/\/makevents.com.tr\/tr\/#website\",\"url\":\"https:\/\/makevents.com.tr\/tr\/\",\"name\":\"Make Events\",\"description\":\"Event Management &amp; Organization \u0421ompany in Turkey\",\"publisher\":{\"@id\":\"https:\/\/makevents.com.tr\/tr\/#organization\"},\"potentialAction\":[{\"@type\":\"SearchAction\",\"target\":{\"@type\":\"EntryPoint\",\"urlTemplate\":\"https:\/\/makevents.com.tr\/tr\/?s={search_term_string}\"},\"query-input\":{\"@type\":\"PropertyValueSpecification\",\"valueRequired\":true,\"valueName\":\"search_term_string\"}}],\"inLanguage\":\"tr\"},{\"@type\":\"Organization\",\"@id\":\"https:\/\/makevents.com.tr\/tr\/#organization\",\"name\":\"Make Events\",\"url\":\"https:\/\/makevents.com.tr\/tr\/\",\"logo\":{\"@type\":\"ImageObject\",\"inLanguage\":\"tr\",\"@id\":\"https:\/\/makevents.com.tr\/tr\/#\/schema\/logo\/image\/\",\"url\":\"https:\/\/makevents.com.tr\/wp-content\/uploads\/2025\/12\/Logo.jpg\",\"contentUrl\":\"https:\/\/makevents.com.tr\/wp-content\/uploads\/2025\/12\/Logo.jpg\",\"width\":696,\"height\":696,\"caption\":\"Make Events\"},\"image\":{\"@id\":\"https:\/\/makevents.com.tr\/tr\/#\/schema\/logo\/image\/\"},\"sameAs\":[\"https:\/\/www.facebook.com\/profile.php?id=61584428890322&sfnsn=wa\",\"https:\/\/www.instagram.com\/makevents_tr?igsh=MTI2dGRvZnhvb3Vjeg==\"]}]}<\/script>\n<!-- \/ Yoast SEO plugin. -->","yoast_head_json":{"title":"Make Events ile \u0130leti\u015fim | T\u00fcrkiye\u2019de Profesyonel Etkinlik Hizmetleri","description":"T\u00fcrkiye\u2019de profesyonel etkinlik hizmetleri i\u00e7in Make Events ile ileti\u015fime ge\u00e7in. D\u00fc\u011f\u00fcnler, kurumsal etkinlikler, gala geceleri, konferanslar ve tam kapsaml\u0131 etkinlik planlama ile prod\u00fcksiyon hizmetleri sunuyoruz. Antalya ve Bodrum\u2019da hizmetinizdeyiz.","robots":{"index":"index","follow":"follow","max-snippet":"max-snippet:-1","max-image-preview":"max-image-preview:large","max-video-preview":"max-video-preview:-1"},"canonical":"https:\/\/makevents.com.tr\/tr\/bizimle-iletisime-gecin\/","og_locale":"tr_TR","og_type":"article","og_title":"Make Events ile \u0130leti\u015fim | T\u00fcrkiye\u2019de Profesyonel Etkinlik Hizmetleri","og_description":"T\u00fcrkiye\u2019de profesyonel etkinlik hizmetleri i\u00e7in Make Events ile ileti\u015fime ge\u00e7in. D\u00fc\u011f\u00fcnler, kurumsal etkinlikler, gala geceleri, konferanslar ve tam kapsaml\u0131 etkinlik planlama ile prod\u00fcksiyon hizmetleri sunuyoruz. Antalya ve Bodrum\u2019da hizmetinizdeyiz.","og_url":"https:\/\/makevents.com.tr\/tr\/bizimle-iletisime-gecin\/","og_site_name":"Make Events","article_publisher":"https:\/\/www.facebook.com\/profile.php?id=61584428890322&sfnsn=wa","article_modified_time":"2025-12-03T20:19:11+00:00","twitter_card":"summary_large_image","twitter_misc":{"Tahmini okuma s\u00fcresi":"1 dakika"},"schema":{"@context":"https:\/\/schema.org","@graph":[{"@type":"WebPage","@id":"https:\/\/makevents.com.tr\/tr\/bizimle-iletisime-gecin\/","url":"https:\/\/makevents.com.tr\/tr\/bizimle-iletisime-gecin\/","name":"Make Events ile \u0130leti\u015fim | T\u00fcrkiye\u2019de Profesyonel Etkinlik Hizmetleri","isPartOf":{"@id":"https:\/\/makevents.com.tr\/tr\/#website"},"datePublished":"2025-08-15T16:00:37+00:00","dateModified":"2025-12-03T20:19:11+00:00","description":"T\u00fcrkiye\u2019de profesyonel etkinlik hizmetleri i\u00e7in Make Events ile ileti\u015fime ge\u00e7in. D\u00fc\u011f\u00fcnler, kurumsal etkinlikler, gala geceleri, konferanslar ve tam kapsaml\u0131 etkinlik planlama ile prod\u00fcksiyon hizmetleri sunuyoruz. Antalya ve Bodrum\u2019da hizmetinizdeyiz.","breadcrumb":{"@id":"https:\/\/makevents.com.tr\/tr\/bizimle-iletisime-gecin\/#breadcrumb"},"inLanguage":"tr","potentialAction":[{"@type":"ReadAction","target":["https:\/\/makevents.com.tr\/tr\/bizimle-iletisime-gecin\/"]}]},{"@type":"BreadcrumbList","@id":"https:\/\/makevents.com.tr\/tr\/bizimle-iletisime-gecin\/#breadcrumb","itemListElement":[{"@type":"ListItem","position":1,"name":"Home","item":"https:\/\/makevents.com.tr\/tr\/"},{"@type":"ListItem","position":2,"name":"\u0130leti\u015fim"}]},{"@type":"WebSite","@id":"https:\/\/makevents.com.tr\/tr\/#website","url":"https:\/\/makevents.com.tr\/tr\/","name":"Make Events","description":"Event Management &amp; Organization \u0421ompany in Turkey","publisher":{"@id":"https:\/\/makevents.com.tr\/tr\/#organization"},"potentialAction":[{"@type":"SearchAction","target":{"@type":"EntryPoint","urlTemplate":"https:\/\/makevents.com.tr\/tr\/?s={search_term_string}"},"query-input":{"@type":"PropertyValueSpecification","valueRequired":true,"valueName":"search_term_string"}}],"inLanguage":"tr"},{"@type":"Organization","@id":"https:\/\/makevents.com.tr\/tr\/#organization","name":"Make Events","url":"https:\/\/makevents.com.tr\/tr\/","logo":{"@type":"ImageObject","inLanguage":"tr","@id":"https:\/\/makevents.com.tr\/tr\/#\/schema\/logo\/image\/","url":"https:\/\/makevents.com.tr\/wp-content\/uploads\/2025\/12\/Logo.jpg","contentUrl":"https:\/\/makevents.com.tr\/wp-content\/uploads\/2025\/12\/Logo.jpg","width":696,"height":696,"caption":"Make Events"},"image":{"@id":"https:\/\/makevents.com.tr\/tr\/#\/schema\/logo\/image\/"},"sameAs":["https:\/\/www.facebook.com\/profile.php?id=61584428890322&sfnsn=wa","https:\/\/www.instagram.com\/makevents_tr?igsh=MTI2dGRvZnhvb3Vjeg=="]}]}},"_links":{"self":[{"href":"https:\/\/makevents.com.tr\/tr\/wp-json\/wp\/v2\/pages\/472","targetHints":{"allow":["GET"]}}],"collection":[{"href":"https:\/\/makevents.com.tr\/tr\/wp-json\/wp\/v2\/pages"}],"about":[{"href":"https:\/\/makevents.com.tr\/tr\/wp-json\/wp\/v2\/types\/page"}],"author":[{"embeddable":true,"href":"https:\/\/makevents.com.tr\/tr\/wp-json\/wp\/v2\/users\/1"}],"replies":[{"embeddable":true,"href":"https:\/\/makevents.com.tr\/tr\/wp-json\/wp\/v2\/comments?post=472"}],"version-history":[{"count":2,"href":"https:\/\/makevents.com.tr\/tr\/wp-json\/wp\/v2\/pages\/472\/revisions"}],"predecessor-version":[{"id":1230,"href":"https:\/\/makevents.com.tr\/tr\/wp-json\/wp\/v2\/pages\/472\/revisions\/1230"}],"wp:attachment":[{"href":"https:\/\/makevents.com.tr\/tr\/wp-json\/wp\/v2\/media?parent=472"}],"curies":[{"name":"wp","href":"https:\/\/api.w.org\/{rel}","templated":true}]}}