{"id":469,"date":"2025-08-15T19:00:16","date_gmt":"2025-08-15T16:00:16","guid":{"rendered":"https:\/\/m.fileorg.fun\/hizmetlerimiz\/"},"modified":"2026-03-19T19:19:28","modified_gmt":"2026-03-19T16:19:28","slug":"hizmetlerimiz","status":"publish","type":"page","link":"https:\/\/makevents.com.tr\/tr\/hizmetlerimiz\/","title":{"rendered":"Hizmetlerimiz"},"content":{"rendered":"<p>Makevents, T\u00fcrkiye&#8217;deki t\u00fcm etkinlikler i\u00e7in kapsaml\u0131 etkinlik planlama ve y\u00f6netim hizmetleri sunan lider bir tedarik\u00e7idir. Geni\u015f bir end\u00fcstri yelpazesinden \u015firketlerle i\u015fbirli\u011fi yapma konusundaki kapsaml\u0131 deneyimimizle, her durum i\u00e7in \u00f6zel \u00e7\u00f6z\u00fcmler sunuyoruz.<\/p>\n<p>\u0130lk planlamadan tam \u00f6l\u00e7ekli prod\u00fcksiyon ve uygulamaya kadar etkinli\u011finizin her detay\u0131n\u0131 ele al\u0131yoruz. Seminer, konferans, festival veya ba\u015fka bir etkinlik olsun, mesaj\u0131n\u0131za ve hedeflerinize tamamen odaklanabilmeniz i\u00e7in gerekli t\u00fcm unsurlar\u0131 sa\u011fl\u0131yoruz.<\/p>\n<p>Deneyimli tasar\u0131mc\u0131, teknisyen ve prod\u00fcksiyon y\u00f6neticisi ekibimiz kusursuz ayd\u0131nlatma, ses ve g\u00f6rsel g\u00f6sterimler sa\u011flar. Net ve etkili ileti\u015fimin her ba\u015far\u0131l\u0131 etkinli\u011fin temelinde oldu\u011funu anl\u0131yoruz. Ayn\u0131 zamanda catering, ula\u015f\u0131m, mekan dekorasyonu, \u00f6zel efektler ve e\u011flence hizmetlerini de sa\u011fl\u0131yoruz.<\/p>\n","protected":false},"excerpt":{"rendered":"<p>Makevents, T\u00fcrkiye&#8217;deki t\u00fcm etkinlikler i\u00e7in kapsaml\u0131 etkinlik planlama ve y\u00f6netim hizmetleri sunan lider bir tedarik\u00e7idir. Geni\u015f bir end\u00fcstri yelpazesinden \u015firketlerle i\u015fbirli\u011fi yapma konusundaki kapsaml\u0131 deneyimimizle, her durum i\u00e7in \u00f6zel \u00e7\u00f6z\u00fcmler sunuyoruz. \u0130lk planlamadan tam \u00f6l\u00e7ekli prod\u00fcksiyon ve uygulamaya kadar etkinli\u011finizin her detay\u0131n\u0131 ele al\u0131yoruz. Seminer, konferans, festival veya ba\u015fka bir etkinlik olsun, mesaj\u0131n\u0131za ve hedeflerinize [&hellip;]<\/p>\n","protected":false},"author":1,"featured_media":0,"parent":0,"menu_order":0,"comment_status":"closed","ping_status":"closed","template":"page-services.php","meta":{"_acf_changed":false,"footnotes":""},"class_list":["post-469","page","type-page","status-publish","hentry"],"acf":[],"yoast_head":"<!-- This site is optimized with the Yoast SEO plugin v26.9 - https:\/\/yoast.com\/product\/yoast-seo-wordpress\/ -->\n<title>T\u00fcrkiye\u2019de Profesyonel Etkinlik Hizmetleri | Make Events<\/title>\n<meta name=\"description\" content=\"Makevents, Antalya ve Bodrum\u2019da lider etkinlik hizmetleri \u015firketidir. Profesyonel \u0131\u015f\u0131k sistemleri, ses ekipmanlar\u0131, LED ekranlar, dekorasyon, d\u00fc\u011f\u00fcn tasar\u0131m\u0131 ve kurumsal ile \u00f6zel etkinlikler i\u00e7in tam kapsaml\u0131 etkinlik y\u00f6netimi sunuyoruz.\" \/>\n<meta name=\"robots\" content=\"index, follow, max-snippet:-1, max-image-preview:large, max-video-preview:-1\" \/>\n<link rel=\"canonical\" href=\"https:\/\/makevents.com.tr\/tr\/hizmetlerimiz\/\" \/>\n<meta property=\"og:locale\" content=\"tr_TR\" \/>\n<meta property=\"og:type\" content=\"article\" \/>\n<meta property=\"og:title\" content=\"T\u00fcrkiye\u2019de Profesyonel Etkinlik Hizmetleri | Make Events\" \/>\n<meta property=\"og:description\" content=\"Makevents, Antalya ve Bodrum\u2019da lider etkinlik hizmetleri \u015firketidir. Profesyonel \u0131\u015f\u0131k sistemleri, ses ekipmanlar\u0131, LED ekranlar, dekorasyon, d\u00fc\u011f\u00fcn tasar\u0131m\u0131 ve kurumsal ile \u00f6zel etkinlikler i\u00e7in tam kapsaml\u0131 etkinlik y\u00f6netimi sunuyoruz.\" \/>\n<meta property=\"og:url\" content=\"https:\/\/makevents.com.tr\/tr\/hizmetlerimiz\/\" \/>\n<meta property=\"og:site_name\" content=\"Make Events\" \/>\n<meta property=\"article:publisher\" content=\"https:\/\/www.facebook.com\/profile.php?id=61584428890322&amp;sfnsn=wa\" \/>\n<meta property=\"article:modified_time\" content=\"2026-03-19T16:19:28+00:00\" \/>\n<meta name=\"twitter:card\" content=\"summary_large_image\" \/>\n<meta name=\"twitter:label1\" content=\"Tahmini okuma s\u00fcresi\" \/>\n\t<meta name=\"twitter:data1\" content=\"1 dakika\" \/>\n<script type=\"application\/ld+json\" class=\"yoast-schema-graph\">{\"@context\":\"https:\/\/schema.org\",\"@graph\":[{\"@type\":\"WebPage\",\"@id\":\"https:\/\/makevents.com.tr\/tr\/hizmetlerimiz\/\",\"url\":\"https:\/\/makevents.com.tr\/tr\/hizmetlerimiz\/\",\"name\":\"T\u00fcrkiye\u2019de Profesyonel Etkinlik Hizmetleri | Make Events\",\"isPartOf\":{\"@id\":\"https:\/\/makevents.com.tr\/tr\/#website\"},\"datePublished\":\"2025-08-15T16:00:16+00:00\",\"dateModified\":\"2026-03-19T16:19:28+00:00\",\"description\":\"Makevents, Antalya ve Bodrum\u2019da lider etkinlik hizmetleri \u015firketidir. Profesyonel \u0131\u015f\u0131k sistemleri, ses ekipmanlar\u0131, LED ekranlar, dekorasyon, d\u00fc\u011f\u00fcn tasar\u0131m\u0131 ve kurumsal ile \u00f6zel etkinlikler i\u00e7in tam kapsaml\u0131 etkinlik y\u00f6netimi sunuyoruz.\",\"breadcrumb\":{\"@id\":\"https:\/\/makevents.com.tr\/tr\/hizmetlerimiz\/#breadcrumb\"},\"inLanguage\":\"tr\",\"potentialAction\":[{\"@type\":\"ReadAction\",\"target\":[\"https:\/\/makevents.com.tr\/tr\/hizmetlerimiz\/\"]}]},{\"@type\":\"BreadcrumbList\",\"@id\":\"https:\/\/makevents.com.tr\/tr\/hizmetlerimiz\/#breadcrumb\",\"itemListElement\":[{\"@type\":\"ListItem\",\"position\":1,\"name\":\"Home\",\"item\":\"https:\/\/makevents.com.tr\/tr\/\"},{\"@type\":\"ListItem\",\"position\":2,\"name\":\"Hizmetlerimiz\"}]},{\"@type\":\"WebSite\",\"@id\":\"https:\/\/makevents.com.tr\/tr\/#website\",\"url\":\"https:\/\/makevents.com.tr\/tr\/\",\"name\":\"Make Events\",\"description\":\"Event Management &amp; Organization \u0421ompany in Turkey\",\"publisher\":{\"@id\":\"https:\/\/makevents.com.tr\/tr\/#organization\"},\"potentialAction\":[{\"@type\":\"SearchAction\",\"target\":{\"@type\":\"EntryPoint\",\"urlTemplate\":\"https:\/\/makevents.com.tr\/tr\/?s={search_term_string}\"},\"query-input\":{\"@type\":\"PropertyValueSpecification\",\"valueRequired\":true,\"valueName\":\"search_term_string\"}}],\"inLanguage\":\"tr\"},{\"@type\":\"Organization\",\"@id\":\"https:\/\/makevents.com.tr\/tr\/#organization\",\"name\":\"Make Events\",\"url\":\"https:\/\/makevents.com.tr\/tr\/\",\"logo\":{\"@type\":\"ImageObject\",\"inLanguage\":\"tr\",\"@id\":\"https:\/\/makevents.com.tr\/tr\/#\/schema\/logo\/image\/\",\"url\":\"https:\/\/makevents.com.tr\/wp-content\/uploads\/2025\/12\/Logo.jpg\",\"contentUrl\":\"https:\/\/makevents.com.tr\/wp-content\/uploads\/2025\/12\/Logo.jpg\",\"width\":696,\"height\":696,\"caption\":\"Make Events\"},\"image\":{\"@id\":\"https:\/\/makevents.com.tr\/tr\/#\/schema\/logo\/image\/\"},\"sameAs\":[\"https:\/\/www.facebook.com\/profile.php?id=61584428890322&sfnsn=wa\",\"https:\/\/www.instagram.com\/makevents_tr?igsh=MTI2dGRvZnhvb3Vjeg==\"]}]}<\/script>\n<!-- \/ Yoast SEO plugin. -->","yoast_head_json":{"title":"T\u00fcrkiye\u2019de Profesyonel Etkinlik Hizmetleri | Make Events","description":"Makevents, Antalya ve Bodrum\u2019da lider etkinlik hizmetleri \u015firketidir. Profesyonel \u0131\u015f\u0131k sistemleri, ses ekipmanlar\u0131, LED ekranlar, dekorasyon, d\u00fc\u011f\u00fcn tasar\u0131m\u0131 ve kurumsal ile \u00f6zel etkinlikler i\u00e7in tam kapsaml\u0131 etkinlik y\u00f6netimi sunuyoruz.","robots":{"index":"index","follow":"follow","max-snippet":"max-snippet:-1","max-image-preview":"max-image-preview:large","max-video-preview":"max-video-preview:-1"},"canonical":"https:\/\/makevents.com.tr\/tr\/hizmetlerimiz\/","og_locale":"tr_TR","og_type":"article","og_title":"T\u00fcrkiye\u2019de Profesyonel Etkinlik Hizmetleri | Make Events","og_description":"Makevents, Antalya ve Bodrum\u2019da lider etkinlik hizmetleri \u015firketidir. Profesyonel \u0131\u015f\u0131k sistemleri, ses ekipmanlar\u0131, LED ekranlar, dekorasyon, d\u00fc\u011f\u00fcn tasar\u0131m\u0131 ve kurumsal ile \u00f6zel etkinlikler i\u00e7in tam kapsaml\u0131 etkinlik y\u00f6netimi sunuyoruz.","og_url":"https:\/\/makevents.com.tr\/tr\/hizmetlerimiz\/","og_site_name":"Make Events","article_publisher":"https:\/\/www.facebook.com\/profile.php?id=61584428890322&sfnsn=wa","article_modified_time":"2026-03-19T16:19:28+00:00","twitter_card":"summary_large_image","twitter_misc":{"Tahmini okuma s\u00fcresi":"1 dakika"},"schema":{"@context":"https:\/\/schema.org","@graph":[{"@type":"WebPage","@id":"https:\/\/makevents.com.tr\/tr\/hizmetlerimiz\/","url":"https:\/\/makevents.com.tr\/tr\/hizmetlerimiz\/","name":"T\u00fcrkiye\u2019de Profesyonel Etkinlik Hizmetleri | Make Events","isPartOf":{"@id":"https:\/\/makevents.com.tr\/tr\/#website"},"datePublished":"2025-08-15T16:00:16+00:00","dateModified":"2026-03-19T16:19:28+00:00","description":"Makevents, Antalya ve Bodrum\u2019da lider etkinlik hizmetleri \u015firketidir. Profesyonel \u0131\u015f\u0131k sistemleri, ses ekipmanlar\u0131, LED ekranlar, dekorasyon, d\u00fc\u011f\u00fcn tasar\u0131m\u0131 ve kurumsal ile \u00f6zel etkinlikler i\u00e7in tam kapsaml\u0131 etkinlik y\u00f6netimi sunuyoruz.","breadcrumb":{"@id":"https:\/\/makevents.com.tr\/tr\/hizmetlerimiz\/#breadcrumb"},"inLanguage":"tr","potentialAction":[{"@type":"ReadAction","target":["https:\/\/makevents.com.tr\/tr\/hizmetlerimiz\/"]}]},{"@type":"BreadcrumbList","@id":"https:\/\/makevents.com.tr\/tr\/hizmetlerimiz\/#breadcrumb","itemListElement":[{"@type":"ListItem","position":1,"name":"Home","item":"https:\/\/makevents.com.tr\/tr\/"},{"@type":"ListItem","position":2,"name":"Hizmetlerimiz"}]},{"@type":"WebSite","@id":"https:\/\/makevents.com.tr\/tr\/#website","url":"https:\/\/makevents.com.tr\/tr\/","name":"Make Events","description":"Event Management &amp; Organization \u0421ompany in Turkey","publisher":{"@id":"https:\/\/makevents.com.tr\/tr\/#organization"},"potentialAction":[{"@type":"SearchAction","target":{"@type":"EntryPoint","urlTemplate":"https:\/\/makevents.com.tr\/tr\/?s={search_term_string}"},"query-input":{"@type":"PropertyValueSpecification","valueRequired":true,"valueName":"search_term_string"}}],"inLanguage":"tr"},{"@type":"Organization","@id":"https:\/\/makevents.com.tr\/tr\/#organization","name":"Make Events","url":"https:\/\/makevents.com.tr\/tr\/","logo":{"@type":"ImageObject","inLanguage":"tr","@id":"https:\/\/makevents.com.tr\/tr\/#\/schema\/logo\/image\/","url":"https:\/\/makevents.com.tr\/wp-content\/uploads\/2025\/12\/Logo.jpg","contentUrl":"https:\/\/makevents.com.tr\/wp-content\/uploads\/2025\/12\/Logo.jpg","width":696,"height":696,"caption":"Make Events"},"image":{"@id":"https:\/\/makevents.com.tr\/tr\/#\/schema\/logo\/image\/"},"sameAs":["https:\/\/www.facebook.com\/profile.php?id=61584428890322&sfnsn=wa","https:\/\/www.instagram.com\/makevents_tr?igsh=MTI2dGRvZnhvb3Vjeg=="]}]}},"_links":{"self":[{"href":"https:\/\/makevents.com.tr\/tr\/wp-json\/wp\/v2\/pages\/469","targetHints":{"allow":["GET"]}}],"collection":[{"href":"https:\/\/makevents.com.tr\/tr\/wp-json\/wp\/v2\/pages"}],"about":[{"href":"https:\/\/makevents.com.tr\/tr\/wp-json\/wp\/v2\/types\/page"}],"author":[{"embeddable":true,"href":"https:\/\/makevents.com.tr\/tr\/wp-json\/wp\/v2\/users\/1"}],"replies":[{"embeddable":true,"href":"https:\/\/makevents.com.tr\/tr\/wp-json\/wp\/v2\/comments?post=469"}],"version-history":[{"count":11,"href":"https:\/\/makevents.com.tr\/tr\/wp-json\/wp\/v2\/pages\/469\/revisions"}],"predecessor-version":[{"id":2262,"href":"https:\/\/makevents.com.tr\/tr\/wp-json\/wp\/v2\/pages\/469\/revisions\/2262"}],"wp:attachment":[{"href":"https:\/\/makevents.com.tr\/tr\/wp-json\/wp\/v2\/media?parent=469"}],"curies":[{"name":"wp","href":"https:\/\/api.w.org\/{rel}","templated":true}]}}