{"id":1191,"date":"2025-09-10T17:53:54","date_gmt":"2025-09-10T14:53:54","guid":{"rendered":"https:\/\/m.fileorg.fun\/gizlilik-politikasi\/"},"modified":"2025-11-27T15:48:04","modified_gmt":"2025-11-27T12:48:04","slug":"gizlilik-politikasi","status":"publish","type":"page","link":"https:\/\/makevents.com.tr\/tr\/gizlilik-politikasi\/","title":{"rendered":"Gizlilik Politikas\u0131"},"content":{"rendered":"<p>Bu Gizlilik Politikas\u0131, MakeEvents&#8217;in https:\/\/www.makevents.com.tr web sitemizi ziyaret eden kullan\u0131c\u0131lar\u0131n ki\u015fisel bilgilerini nas\u0131l toplad\u0131\u011f\u0131n\u0131, kulland\u0131\u011f\u0131n\u0131 ve korudu\u011funu a\u00e7\u0131klamaktad\u0131r. Bu web sitesini ziyaret ederek ve bu site arac\u0131l\u0131\u011f\u0131yla sunulan hizmetlerden yararlanma talebinde bulunarak, bu Gizlilik Politikas\u0131&#8217;nda belirtilen \u015fartlar\u0131 kabul etmi\u015f olursunuz.<\/p>\n<h3 data-start=\"550\" data-end=\"584\"><strong data-start=\"554\" data-end=\"582\">1. Toplad\u0131\u011f\u0131m\u0131z Bilgiler<\/strong><\/h3>\n<p data-start=\"585\" data-end=\"635\">A\u015fa\u011f\u0131daki ki\u015fisel bilgileri sizden toplayabiliriz:<\/p>\n<ul data-start=\"637\" data-end=\"718\">\n<li data-start=\"637\" data-end=\"645\">\n<p data-start=\"639\" data-end=\"645\">\u0130sim<\/p>\n<\/li>\n<li data-start=\"646\" data-end=\"664\">\n<p data-start=\"648\" data-end=\"664\">E-posta adresi<\/p>\n<\/li>\n<li data-start=\"665\" data-end=\"685\">\n<p data-start=\"667\" data-end=\"685\">Telefon numaras\u0131<\/p>\n<\/li>\n<li data-start=\"686\" data-end=\"718\">\n<p data-start=\"688\" data-end=\"718\">\u00c7erezler ve gezinme verileri<\/p>\n<\/li>\n<\/ul>\n<h3 data-start=\"725\" data-end=\"764\"><strong data-start=\"729\" data-end=\"762\">2. Bilgileri Nas\u0131l Topluyoruz<\/strong><\/h3>\n<p data-start=\"765\" data-end=\"798\">Bilgileri \u015fu yollarla topluyoruz:<\/p>\n<ul data-start=\"800\" data-end=\"872\">\n<li data-start=\"800\" data-end=\"836\">\n<p data-start=\"802\" data-end=\"836\">Web sitemizdeki do\u011frudan formlar<\/p>\n<\/li>\n<li data-start=\"837\" data-end=\"857\">\n<p data-start=\"839\" data-end=\"857\">Google Analytics<\/p>\n<\/li>\n<li data-start=\"858\" data-end=\"872\">\n<p data-start=\"860\" data-end=\"872\">Meta Pixel<\/p>\n<\/li>\n<\/ul>\n<h3 data-start=\"879\" data-end=\"912\"><strong data-start=\"883\" data-end=\"910\">3. Bilgilerin Kullan\u0131m\u0131<\/strong><\/h3>\n<p data-start=\"913\" data-end=\"963\">Toplad\u0131\u011f\u0131m\u0131z bilgiler \u015fu ama\u00e7larla kullan\u0131labilir:<\/p>\n<ul data-start=\"965\" data-end=\"1116\">\n<li data-start=\"965\" data-end=\"1019\">\n<p data-start=\"967\" data-end=\"1019\">Taleplere yan\u0131t vermek ve m\u00fc\u015fteri deste\u011fi sa\u011flamak<\/p>\n<\/li>\n<li data-start=\"1020\" data-end=\"1067\">\n<p data-start=\"1022\" data-end=\"1067\">B\u00fcltenler veya tan\u0131t\u0131m i\u00e7erikleri g\u00f6ndermek<\/p>\n<\/li>\n<li data-start=\"1068\" data-end=\"1116\">\n<p data-start=\"1070\" data-end=\"1116\">Web sitesi analiti\u011fi ve hizmet iyile\u015ftirmesi<\/p>\n<\/li>\n<\/ul>\n<h3 data-start=\"1123\" data-end=\"1176\"><strong data-start=\"1127\" data-end=\"1174\">4. Verilerin \u00dc\u00e7\u00fcnc\u00fc Taraflarla Payla\u015f\u0131lmas\u0131<\/strong><\/h3>\n<p data-start=\"1177\" data-end=\"1284\">Ki\u015fisel verilerinizi partnerler, ta\u015f\u0131y\u0131c\u0131lar veya \u00f6deme sa\u011flay\u0131c\u0131lar\u0131 gibi \u00fc\u00e7\u00fcnc\u00fc taraflarla payla\u015fm\u0131yoruz.<\/p>\n<h3 data-start=\"1291\" data-end=\"1336\"><strong data-start=\"1295\" data-end=\"1334\">5. \u00c7erezler ve \u0130zleme Teknolojileri<\/strong><\/h3>\n<p data-start=\"1337\" data-end=\"1575\">Kullan\u0131c\u0131 deneyimini geli\u015ftirmek ve site trafi\u011fini analiz etmek amac\u0131yla \u00e7erezler ve izleme teknolojileri (Google Analytics ve Meta Pixel dahil) kullan\u0131yoruz.<br data-start=\"1495\" data-end=\"1498\" \/>L\u00fctfen dikkat: Kullan\u0131c\u0131lar web sitemizde <strong data-start=\"1540\" data-end=\"1574\">\u00e7erezleri devre d\u0131\u015f\u0131 b\u0131rakamaz<\/strong>.<\/p>\n<h3 data-start=\"1582\" data-end=\"1625\"><strong data-start=\"1586\" data-end=\"1623\">6. Veri Saklama ve Saklama S\u00fcresi<\/strong><\/h3>\n<ul data-start=\"1626\" data-end=\"1775\">\n<li data-start=\"1626\" data-end=\"1686\">\n<p data-start=\"1628\" data-end=\"1686\">Ki\u015fisel veriler T\u00fcrkiye\u2019de bulunan sunucularda saklan\u0131r.<\/p>\n<\/li>\n<li data-start=\"1687\" data-end=\"1775\">\n<p data-start=\"1689\" data-end=\"1775\">Veriler, yasal olarak daha uzun bir s\u00fcre gerekmedi\u011fi s\u00fcrece <strong data-start=\"1749\" data-end=\"1758\">1 y\u0131l<\/strong> boyunca tutulur.<\/p>\n<\/li>\n<\/ul>\n<h3 data-start=\"1782\" data-end=\"1809\"><strong data-start=\"1786\" data-end=\"1807\">7. Veri G\u00fcvenli\u011fi<\/strong><\/h3>\n<p data-start=\"1810\" data-end=\"2045\">Ki\u015fisel bilgilerinizi korumak i\u00e7in idari, y\u00f6netsel ve teknik \u00f6nlemler almaktay\u0131z.<br data-start=\"1891\" data-end=\"1894\" \/>\u015eirketimiz, \u00e7evrim i\u00e7i toplanan verileri korumaya y\u00f6nelik \u00f6zel g\u00fcvenlik tedbirleri de dahil olmak \u00fczere uluslararas\u0131 bilgi kontrol standartlar\u0131na uyar.<\/p>\n<h3 data-start=\"2052\" data-end=\"2082\"><strong data-start=\"2056\" data-end=\"2080\">8. Kullan\u0131c\u0131 Haklar\u0131<\/strong><\/h3>\n<p data-start=\"2083\" data-end=\"2178\">Kullan\u0131c\u0131lar \u015fu anda verilerinin <strong data-start=\"2116\" data-end=\"2177\">silinmesini, d\u00fczeltilmesini veya ta\u015f\u0131nmas\u0131n\u0131 talep edemez<\/strong>.<\/p>\n<h3 data-start=\"2185\" data-end=\"2219\"><strong data-start=\"2189\" data-end=\"2217\">9. Veri Koruma \u0130leti\u015fimi<\/strong><\/h3>\n<p data-start=\"2220\" data-end=\"2418\">Veri gizlili\u011fiyle ilgili sorular\u0131n\u0131z varsa bizimle ileti\u015fime ge\u00e7ebilirsiniz:<br data-start=\"2296\" data-end=\"2299\" \/><strong data-start=\"2299\" data-end=\"2309\">Email:<\/strong> <a class=\"decorated-link cursor-pointer\" rel=\"noopener\" data-start=\"2310\" data-end=\"2333\">mehmet@makevents.com.tr<\/a><br data-start=\"2333\" data-end=\"2336\" \/><strong data-start=\"2336\" data-end=\"2346\">Adres:<\/strong> Yenig\u00fcn mahallesi, 1043 sok. No:1 Daire:6, Muratpa\u015fa \/ Antalya, T\u00fcrkiye<\/p>\n<h3 data-start=\"2425\" data-end=\"2460\"><strong data-start=\"2429\" data-end=\"2458\">10. Uluslararas\u0131 Kullan\u0131m<\/strong><\/h3>\n<p data-start=\"2461\" data-end=\"2551\">Web sitemiz ve hizmetlerimiz T\u00fcrkiye, AB ve uluslararas\u0131 kullan\u0131c\u0131lar i\u00e7in kullan\u0131labilir.<\/p>\n<h3 data-start=\"2558\" data-end=\"2587\"><strong data-start=\"2562\" data-end=\"2585\">11. Ya\u015f S\u0131n\u0131rlamas\u0131<\/strong><\/h3>\n<p data-start=\"2588\" data-end=\"2664\">Web sitemizin kullan\u0131m\u0131 i\u00e7in herhangi bir ya\u015f s\u0131n\u0131rlamas\u0131 uygulanmamaktad\u0131r.<\/p>\n<h3 data-start=\"2671\" data-end=\"2708\"><strong data-start=\"2675\" data-end=\"2706\">12. Politika De\u011fi\u015fiklikleri<\/strong><\/h3>\n<p data-start=\"2709\" data-end=\"2929\">Bu Gizlilik Politikas\u0131n\u0131 kendi takdirimize g\u00f6re g\u00fcncelleyebiliriz.<br data-start=\"2775\" data-end=\"2778\" \/>Yap\u0131lan de\u011fi\u015fiklikler hakk\u0131nda kullan\u0131c\u0131lara <strong data-start=\"2823\" data-end=\"2860\">bireysel bildirim yap\u0131lmayacakt\u0131r<\/strong>.<br data-start=\"2861\" data-end=\"2864\" \/>L\u00fctfen g\u00fcncellemeler i\u00e7in bu sayfay\u0131 d\u00fczenli olarak kontrol edin.<\/p>\n","protected":false},"excerpt":{"rendered":"<p>Bu Gizlilik Politikas\u0131, MakeEvents&#8217;in https:\/\/www.makevents.com.tr web sitemizi ziyaret eden kullan\u0131c\u0131lar\u0131n ki\u015fisel bilgilerini nas\u0131l toplad\u0131\u011f\u0131n\u0131, kulland\u0131\u011f\u0131n\u0131 ve korudu\u011funu a\u00e7\u0131klamaktad\u0131r. Bu web sitesini ziyaret ederek ve bu site arac\u0131l\u0131\u011f\u0131yla sunulan hizmetlerden yararlanma talebinde bulunarak, bu Gizlilik Politikas\u0131&#8217;nda belirtilen \u015fartlar\u0131 kabul etmi\u015f olursunuz. 1. Toplad\u0131\u011f\u0131m\u0131z Bilgiler A\u015fa\u011f\u0131daki ki\u015fisel bilgileri sizden toplayabiliriz: \u0130sim E-posta adresi Telefon numaras\u0131 \u00c7erezler ve [&hellip;]<\/p>\n","protected":false},"author":1,"featured_media":0,"parent":0,"menu_order":0,"comment_status":"closed","ping_status":"closed","template":"","meta":{"_acf_changed":false,"footnotes":""},"class_list":["post-1191","page","type-page","status-publish","hentry"],"acf":[],"yoast_head":"<!-- This site is optimized with the Yoast SEO plugin v26.9 - https:\/\/yoast.com\/product\/yoast-seo-wordpress\/ -->\n<title>Gizlilik Politikas\u0131 - Make Events<\/title>\n<meta name=\"description\" content=\"Gizlilik Politikas\u0131 \u2013 Bu Gizlilik Politikas\u0131, MakeEvents&#039;in https:\/\/www.makevents.com.tr web sitemizi ziyaret eden kullan\u0131c\u0131lar\u0131n ki\u015fisel bilgilerini nas\u0131l toplad\u0131\u011f\u0131n\u0131,\" \/>\n<meta name=\"robots\" content=\"index, follow, max-snippet:-1, max-image-preview:large, max-video-preview:-1\" \/>\n<link rel=\"canonical\" href=\"https:\/\/makevents.com.tr\/tr\/gizlilik-politikasi\/\" \/>\n<meta property=\"og:locale\" content=\"tr_TR\" \/>\n<meta property=\"og:type\" content=\"article\" \/>\n<meta property=\"og:title\" content=\"Gizlilik Politikas\u0131 - Make Events\" \/>\n<meta property=\"og:description\" content=\"Gizlilik Politikas\u0131 \u2013 Bu Gizlilik Politikas\u0131, MakeEvents&#039;in https:\/\/www.makevents.com.tr web sitemizi ziyaret eden kullan\u0131c\u0131lar\u0131n ki\u015fisel bilgilerini nas\u0131l toplad\u0131\u011f\u0131n\u0131,\" \/>\n<meta property=\"og:url\" content=\"https:\/\/makevents.com.tr\/tr\/gizlilik-politikasi\/\" \/>\n<meta property=\"og:site_name\" content=\"Make Events\" \/>\n<meta property=\"article:publisher\" content=\"https:\/\/www.facebook.com\/profile.php?id=61584428890322&amp;sfnsn=wa\" \/>\n<meta property=\"article:modified_time\" content=\"2025-11-27T12:48:04+00:00\" \/>\n<meta name=\"twitter:card\" content=\"summary_large_image\" \/>\n<meta name=\"twitter:label1\" content=\"Tahmini okuma s\u00fcresi\" \/>\n\t<meta name=\"twitter:data1\" content=\"2 dakika\" \/>\n<script type=\"application\/ld+json\" class=\"yoast-schema-graph\">{\"@context\":\"https:\/\/schema.org\",\"@graph\":[{\"@type\":\"WebPage\",\"@id\":\"https:\/\/makevents.com.tr\/tr\/gizlilik-politikasi\/\",\"url\":\"https:\/\/makevents.com.tr\/tr\/gizlilik-politikasi\/\",\"name\":\"Gizlilik Politikas\u0131 - Make Events\",\"isPartOf\":{\"@id\":\"https:\/\/makevents.com.tr\/tr\/#website\"},\"datePublished\":\"2025-09-10T14:53:54+00:00\",\"dateModified\":\"2025-11-27T12:48:04+00:00\",\"description\":\"Gizlilik Politikas\u0131 \u2013 Bu Gizlilik Politikas\u0131, MakeEvents'in https:\/\/www.makevents.com.tr web sitemizi ziyaret eden kullan\u0131c\u0131lar\u0131n ki\u015fisel bilgilerini nas\u0131l toplad\u0131\u011f\u0131n\u0131,\",\"breadcrumb\":{\"@id\":\"https:\/\/makevents.com.tr\/tr\/gizlilik-politikasi\/#breadcrumb\"},\"inLanguage\":\"tr\",\"potentialAction\":[{\"@type\":\"ReadAction\",\"target\":[\"https:\/\/makevents.com.tr\/tr\/gizlilik-politikasi\/\"]}]},{\"@type\":\"BreadcrumbList\",\"@id\":\"https:\/\/makevents.com.tr\/tr\/gizlilik-politikasi\/#breadcrumb\",\"itemListElement\":[{\"@type\":\"ListItem\",\"position\":1,\"name\":\"Home\",\"item\":\"https:\/\/makevents.com.tr\/tr\/\"},{\"@type\":\"ListItem\",\"position\":2,\"name\":\"Gizlilik Politikas\u0131\"}]},{\"@type\":\"WebSite\",\"@id\":\"https:\/\/makevents.com.tr\/tr\/#website\",\"url\":\"https:\/\/makevents.com.tr\/tr\/\",\"name\":\"Make Events\",\"description\":\"Event Management &amp; Organization \u0421ompany in Turkey\",\"publisher\":{\"@id\":\"https:\/\/makevents.com.tr\/tr\/#organization\"},\"potentialAction\":[{\"@type\":\"SearchAction\",\"target\":{\"@type\":\"EntryPoint\",\"urlTemplate\":\"https:\/\/makevents.com.tr\/tr\/?s={search_term_string}\"},\"query-input\":{\"@type\":\"PropertyValueSpecification\",\"valueRequired\":true,\"valueName\":\"search_term_string\"}}],\"inLanguage\":\"tr\"},{\"@type\":\"Organization\",\"@id\":\"https:\/\/makevents.com.tr\/tr\/#organization\",\"name\":\"Make Events\",\"url\":\"https:\/\/makevents.com.tr\/tr\/\",\"logo\":{\"@type\":\"ImageObject\",\"inLanguage\":\"tr\",\"@id\":\"https:\/\/makevents.com.tr\/tr\/#\/schema\/logo\/image\/\",\"url\":\"https:\/\/makevents.com.tr\/wp-content\/uploads\/2025\/12\/Logo.jpg\",\"contentUrl\":\"https:\/\/makevents.com.tr\/wp-content\/uploads\/2025\/12\/Logo.jpg\",\"width\":696,\"height\":696,\"caption\":\"Make Events\"},\"image\":{\"@id\":\"https:\/\/makevents.com.tr\/tr\/#\/schema\/logo\/image\/\"},\"sameAs\":[\"https:\/\/www.facebook.com\/profile.php?id=61584428890322&sfnsn=wa\",\"https:\/\/www.instagram.com\/makevents_tr?igsh=MTI2dGRvZnhvb3Vjeg==\"]}]}<\/script>\n<!-- \/ Yoast SEO plugin. -->","yoast_head_json":{"title":"Gizlilik Politikas\u0131 - Make Events","description":"Gizlilik Politikas\u0131 \u2013 Bu Gizlilik Politikas\u0131, MakeEvents'in https:\/\/www.makevents.com.tr web sitemizi ziyaret eden kullan\u0131c\u0131lar\u0131n ki\u015fisel bilgilerini nas\u0131l toplad\u0131\u011f\u0131n\u0131,","robots":{"index":"index","follow":"follow","max-snippet":"max-snippet:-1","max-image-preview":"max-image-preview:large","max-video-preview":"max-video-preview:-1"},"canonical":"https:\/\/makevents.com.tr\/tr\/gizlilik-politikasi\/","og_locale":"tr_TR","og_type":"article","og_title":"Gizlilik Politikas\u0131 - Make Events","og_description":"Gizlilik Politikas\u0131 \u2013 Bu Gizlilik Politikas\u0131, MakeEvents'in https:\/\/www.makevents.com.tr web sitemizi ziyaret eden kullan\u0131c\u0131lar\u0131n ki\u015fisel bilgilerini nas\u0131l toplad\u0131\u011f\u0131n\u0131,","og_url":"https:\/\/makevents.com.tr\/tr\/gizlilik-politikasi\/","og_site_name":"Make Events","article_publisher":"https:\/\/www.facebook.com\/profile.php?id=61584428890322&sfnsn=wa","article_modified_time":"2025-11-27T12:48:04+00:00","twitter_card":"summary_large_image","twitter_misc":{"Tahmini okuma s\u00fcresi":"2 dakika"},"schema":{"@context":"https:\/\/schema.org","@graph":[{"@type":"WebPage","@id":"https:\/\/makevents.com.tr\/tr\/gizlilik-politikasi\/","url":"https:\/\/makevents.com.tr\/tr\/gizlilik-politikasi\/","name":"Gizlilik Politikas\u0131 - Make Events","isPartOf":{"@id":"https:\/\/makevents.com.tr\/tr\/#website"},"datePublished":"2025-09-10T14:53:54+00:00","dateModified":"2025-11-27T12:48:04+00:00","description":"Gizlilik Politikas\u0131 \u2013 Bu Gizlilik Politikas\u0131, MakeEvents'in https:\/\/www.makevents.com.tr web sitemizi ziyaret eden kullan\u0131c\u0131lar\u0131n ki\u015fisel bilgilerini nas\u0131l toplad\u0131\u011f\u0131n\u0131,","breadcrumb":{"@id":"https:\/\/makevents.com.tr\/tr\/gizlilik-politikasi\/#breadcrumb"},"inLanguage":"tr","potentialAction":[{"@type":"ReadAction","target":["https:\/\/makevents.com.tr\/tr\/gizlilik-politikasi\/"]}]},{"@type":"BreadcrumbList","@id":"https:\/\/makevents.com.tr\/tr\/gizlilik-politikasi\/#breadcrumb","itemListElement":[{"@type":"ListItem","position":1,"name":"Home","item":"https:\/\/makevents.com.tr\/tr\/"},{"@type":"ListItem","position":2,"name":"Gizlilik Politikas\u0131"}]},{"@type":"WebSite","@id":"https:\/\/makevents.com.tr\/tr\/#website","url":"https:\/\/makevents.com.tr\/tr\/","name":"Make Events","description":"Event Management &amp; Organization \u0421ompany in Turkey","publisher":{"@id":"https:\/\/makevents.com.tr\/tr\/#organization"},"potentialAction":[{"@type":"SearchAction","target":{"@type":"EntryPoint","urlTemplate":"https:\/\/makevents.com.tr\/tr\/?s={search_term_string}"},"query-input":{"@type":"PropertyValueSpecification","valueRequired":true,"valueName":"search_term_string"}}],"inLanguage":"tr"},{"@type":"Organization","@id":"https:\/\/makevents.com.tr\/tr\/#organization","name":"Make Events","url":"https:\/\/makevents.com.tr\/tr\/","logo":{"@type":"ImageObject","inLanguage":"tr","@id":"https:\/\/makevents.com.tr\/tr\/#\/schema\/logo\/image\/","url":"https:\/\/makevents.com.tr\/wp-content\/uploads\/2025\/12\/Logo.jpg","contentUrl":"https:\/\/makevents.com.tr\/wp-content\/uploads\/2025\/12\/Logo.jpg","width":696,"height":696,"caption":"Make Events"},"image":{"@id":"https:\/\/makevents.com.tr\/tr\/#\/schema\/logo\/image\/"},"sameAs":["https:\/\/www.facebook.com\/profile.php?id=61584428890322&sfnsn=wa","https:\/\/www.instagram.com\/makevents_tr?igsh=MTI2dGRvZnhvb3Vjeg=="]}]}},"_links":{"self":[{"href":"https:\/\/makevents.com.tr\/tr\/wp-json\/wp\/v2\/pages\/1191","targetHints":{"allow":["GET"]}}],"collection":[{"href":"https:\/\/makevents.com.tr\/tr\/wp-json\/wp\/v2\/pages"}],"about":[{"href":"https:\/\/makevents.com.tr\/tr\/wp-json\/wp\/v2\/types\/page"}],"author":[{"embeddable":true,"href":"https:\/\/makevents.com.tr\/tr\/wp-json\/wp\/v2\/users\/1"}],"replies":[{"embeddable":true,"href":"https:\/\/makevents.com.tr\/tr\/wp-json\/wp\/v2\/comments?post=1191"}],"version-history":[{"count":5,"href":"https:\/\/makevents.com.tr\/tr\/wp-json\/wp\/v2\/pages\/1191\/revisions"}],"predecessor-version":[{"id":1227,"href":"https:\/\/makevents.com.tr\/tr\/wp-json\/wp\/v2\/pages\/1191\/revisions\/1227"}],"wp:attachment":[{"href":"https:\/\/makevents.com.tr\/tr\/wp-json\/wp\/v2\/media?parent=1191"}],"curies":[{"name":"wp","href":"https:\/\/api.w.org\/{rel}","templated":true}]}}