{"id":474,"date":"2025-08-15T19:00:16","date_gmt":"2025-08-15T16:00:16","guid":{"rendered":"https:\/\/m.fileorg.fun\/unsere-dienstleistungen\/"},"modified":"2026-04-10T07:57:55","modified_gmt":"2026-04-10T04:57:55","slug":"dienstleistungen","status":"publish","type":"page","link":"https:\/\/makevents.com.tr\/de\/dienstleistungen\/","title":{"rendered":"Dienstleistungen"},"content":{"rendered":"<p>Makevents ist ein f\u00fchrender Anbieter umfassender Eventplanung und Eventmanagement-Dienstleistungen f\u00fcr alle Arten von Veranstaltungen in der T\u00fcrkei. Mit umfassender Erfahrung in der Zusammenarbeit mit Unternehmen aus einem breiten Spektrum von Branchen bieten wir ma\u00dfgeschneiderte L\u00f6sungen f\u00fcr jeden Anlass.<\/p>\n<p>Von der ersten Planung bis zur vollst\u00e4ndigen Produktion und Durchf\u00fchrung k\u00fcmmern wir uns um jedes Detail Ihrer Veranstaltung. Ob Seminar, Konferenz, Festival oder eine andere Veranstaltung, wir stellen alle notwendigen Komponenten bereit, damit Sie sich ganz auf Ihre Botschaft und Ziele konzentrieren k\u00f6nnen.<\/p>\n<p>Unser erfahrenes Team aus Designern, Technikern und Produktionsleitern gew\u00e4hrleistet eine makellose Beleuchtung, Beschallung und visuelle Darstellung \u2014 einschlie\u00dflich Live-Streaming- und Vor-Ort-L\u00f6sungen. Wir verstehen, dass klare und effektive Kommunikation der Kern jeder erfolgreichen Veranstaltung ist. Gleichzeitig k\u00fcmmern wir uns um Catering, Transport, Veranstaltungsort-Dekoration, Spezialeffekte und Unterhaltung.<\/p>\n","protected":false},"excerpt":{"rendered":"<p>Makevents ist ein f\u00fchrender Anbieter umfassender Eventplanung und Eventmanagement-Dienstleistungen f\u00fcr alle Arten von Veranstaltungen in der T\u00fcrkei. Mit umfassender Erfahrung in der Zusammenarbeit mit Unternehmen aus einem breiten Spektrum von Branchen bieten wir ma\u00dfgeschneiderte L\u00f6sungen f\u00fcr jeden Anlass. Von der ersten Planung bis zur vollst\u00e4ndigen Produktion und Durchf\u00fchrung k\u00fcmmern wir uns um jedes Detail Ihrer [&hellip;]<\/p>\n","protected":false},"author":1,"featured_media":0,"parent":0,"menu_order":0,"comment_status":"closed","ping_status":"closed","template":"page-services.php","meta":{"_acf_changed":false,"footnotes":""},"class_list":["post-474","page","type-page","status-publish","hentry"],"acf":[],"yoast_head":"<!-- This site is optimized with the Yoast SEO plugin v26.9 - https:\/\/yoast.com\/product\/yoast-seo-wordpress\/ -->\n<title>Professionelle Event-Dienstleistungen in der T\u00fcrkei | Make Events<\/title>\n<meta name=\"description\" content=\"Makevents ist ein f\u00fchrendes Event-Dienstleistungsunternehmen in Antalya, Istanbul und Bodrum. Wir bieten professionelle Licht- und Soundsysteme, LED-Screens, Dekoration, Hochzeitsdesign sowie vollst\u00e4ndiges Eventmanagement f\u00fcr Firmen- und Privatevents.\" \/>\n<meta name=\"robots\" content=\"index, follow, max-snippet:-1, max-image-preview:large, max-video-preview:-1\" \/>\n<link rel=\"canonical\" href=\"https:\/\/makevents.com.tr\/de\/dienstleistungen\/\" \/>\n<meta property=\"og:locale\" content=\"de_DE\" \/>\n<meta property=\"og:type\" content=\"article\" \/>\n<meta property=\"og:title\" content=\"Professionelle Event-Dienstleistungen in der T\u00fcrkei | Make Events\" \/>\n<meta property=\"og:description\" content=\"Makevents ist ein f\u00fchrendes Event-Dienstleistungsunternehmen in Antalya, Istanbul und Bodrum. Wir bieten professionelle Licht- und Soundsysteme, LED-Screens, Dekoration, Hochzeitsdesign sowie vollst\u00e4ndiges Eventmanagement f\u00fcr Firmen- und Privatevents.\" \/>\n<meta property=\"og:url\" content=\"https:\/\/makevents.com.tr\/de\/dienstleistungen\/\" \/>\n<meta property=\"og:site_name\" content=\"Make Events\" \/>\n<meta property=\"article:publisher\" content=\"https:\/\/www.facebook.com\/profile.php?id=61584428890322&amp;sfnsn=wa\" \/>\n<meta property=\"article:modified_time\" content=\"2026-04-10T04:57:55+00:00\" \/>\n<meta name=\"twitter:card\" content=\"summary_large_image\" \/>\n<meta name=\"twitter:label1\" content=\"Gesch\u00e4tzte Lesezeit\" \/>\n\t<meta name=\"twitter:data1\" content=\"1\u00a0Minute\" \/>\n<script type=\"application\/ld+json\" class=\"yoast-schema-graph\">{\"@context\":\"https:\/\/schema.org\",\"@graph\":[{\"@type\":\"WebPage\",\"@id\":\"https:\/\/makevents.com.tr\/de\/dienstleistungen\/\",\"url\":\"https:\/\/makevents.com.tr\/de\/dienstleistungen\/\",\"name\":\"Professionelle Event-Dienstleistungen in der T\u00fcrkei | Make Events\",\"isPartOf\":{\"@id\":\"https:\/\/makevents.com.tr\/de\/#website\"},\"datePublished\":\"2025-08-15T16:00:16+00:00\",\"dateModified\":\"2026-04-10T04:57:55+00:00\",\"description\":\"Makevents ist ein f\u00fchrendes Event-Dienstleistungsunternehmen in Antalya, Istanbul und Bodrum. Wir bieten professionelle Licht- und Soundsysteme, LED-Screens, Dekoration, Hochzeitsdesign sowie vollst\u00e4ndiges Eventmanagement f\u00fcr Firmen- und Privatevents.\",\"breadcrumb\":{\"@id\":\"https:\/\/makevents.com.tr\/de\/dienstleistungen\/#breadcrumb\"},\"inLanguage\":\"de\",\"potentialAction\":[{\"@type\":\"ReadAction\",\"target\":[\"https:\/\/makevents.com.tr\/de\/dienstleistungen\/\"]}]},{\"@type\":\"BreadcrumbList\",\"@id\":\"https:\/\/makevents.com.tr\/de\/dienstleistungen\/#breadcrumb\",\"itemListElement\":[{\"@type\":\"ListItem\",\"position\":1,\"name\":\"Home\",\"item\":\"https:\/\/makevents.com.tr\/de\/\"},{\"@type\":\"ListItem\",\"position\":2,\"name\":\"Dienstleistungen\"}]},{\"@type\":\"WebSite\",\"@id\":\"https:\/\/makevents.com.tr\/de\/#website\",\"url\":\"https:\/\/makevents.com.tr\/de\/\",\"name\":\"Make Events\",\"description\":\"Event Management &amp; Organization \u0421ompany in Turkey | Make Events\",\"publisher\":{\"@id\":\"https:\/\/makevents.com.tr\/de\/#organization\"},\"potentialAction\":[{\"@type\":\"SearchAction\",\"target\":{\"@type\":\"EntryPoint\",\"urlTemplate\":\"https:\/\/makevents.com.tr\/de\/?s={search_term_string}\"},\"query-input\":{\"@type\":\"PropertyValueSpecification\",\"valueRequired\":true,\"valueName\":\"search_term_string\"}}],\"inLanguage\":\"de\"},{\"@type\":\"Organization\",\"@id\":\"https:\/\/makevents.com.tr\/de\/#organization\",\"name\":\"Make Events\",\"url\":\"https:\/\/makevents.com.tr\/de\/\",\"logo\":{\"@type\":\"ImageObject\",\"inLanguage\":\"de\",\"@id\":\"https:\/\/makevents.com.tr\/de\/#\/schema\/logo\/image\/\",\"url\":\"https:\/\/makevents.com.tr\/wp-content\/uploads\/2025\/12\/Logo.jpg\",\"contentUrl\":\"https:\/\/makevents.com.tr\/wp-content\/uploads\/2025\/12\/Logo.jpg\",\"width\":696,\"height\":696,\"caption\":\"Make Events\"},\"image\":{\"@id\":\"https:\/\/makevents.com.tr\/de\/#\/schema\/logo\/image\/\"},\"sameAs\":[\"https:\/\/www.facebook.com\/profile.php?id=61584428890322&sfnsn=wa\",\"https:\/\/www.instagram.com\/makevents_tr?igsh=MTI2dGRvZnhvb3Vjeg==\"]}]}<\/script>\n<!-- \/ Yoast SEO plugin. -->","yoast_head_json":{"title":"Professionelle Event-Dienstleistungen in der T\u00fcrkei | Make Events","description":"Makevents ist ein f\u00fchrendes Event-Dienstleistungsunternehmen in Antalya, Istanbul und Bodrum. Wir bieten professionelle Licht- und Soundsysteme, LED-Screens, Dekoration, Hochzeitsdesign sowie vollst\u00e4ndiges Eventmanagement f\u00fcr Firmen- und Privatevents.","robots":{"index":"index","follow":"follow","max-snippet":"max-snippet:-1","max-image-preview":"max-image-preview:large","max-video-preview":"max-video-preview:-1"},"canonical":"https:\/\/makevents.com.tr\/de\/dienstleistungen\/","og_locale":"de_DE","og_type":"article","og_title":"Professionelle Event-Dienstleistungen in der T\u00fcrkei | Make Events","og_description":"Makevents ist ein f\u00fchrendes Event-Dienstleistungsunternehmen in Antalya, Istanbul und Bodrum. Wir bieten professionelle Licht- und Soundsysteme, LED-Screens, Dekoration, Hochzeitsdesign sowie vollst\u00e4ndiges Eventmanagement f\u00fcr Firmen- und Privatevents.","og_url":"https:\/\/makevents.com.tr\/de\/dienstleistungen\/","og_site_name":"Make Events","article_publisher":"https:\/\/www.facebook.com\/profile.php?id=61584428890322&sfnsn=wa","article_modified_time":"2026-04-10T04:57:55+00:00","twitter_card":"summary_large_image","twitter_misc":{"Gesch\u00e4tzte Lesezeit":"1\u00a0Minute"},"schema":{"@context":"https:\/\/schema.org","@graph":[{"@type":"WebPage","@id":"https:\/\/makevents.com.tr\/de\/dienstleistungen\/","url":"https:\/\/makevents.com.tr\/de\/dienstleistungen\/","name":"Professionelle Event-Dienstleistungen in der T\u00fcrkei | Make Events","isPartOf":{"@id":"https:\/\/makevents.com.tr\/de\/#website"},"datePublished":"2025-08-15T16:00:16+00:00","dateModified":"2026-04-10T04:57:55+00:00","description":"Makevents ist ein f\u00fchrendes Event-Dienstleistungsunternehmen in Antalya, Istanbul und Bodrum. Wir bieten professionelle Licht- und Soundsysteme, LED-Screens, Dekoration, Hochzeitsdesign sowie vollst\u00e4ndiges Eventmanagement f\u00fcr Firmen- und Privatevents.","breadcrumb":{"@id":"https:\/\/makevents.com.tr\/de\/dienstleistungen\/#breadcrumb"},"inLanguage":"de","potentialAction":[{"@type":"ReadAction","target":["https:\/\/makevents.com.tr\/de\/dienstleistungen\/"]}]},{"@type":"BreadcrumbList","@id":"https:\/\/makevents.com.tr\/de\/dienstleistungen\/#breadcrumb","itemListElement":[{"@type":"ListItem","position":1,"name":"Home","item":"https:\/\/makevents.com.tr\/de\/"},{"@type":"ListItem","position":2,"name":"Dienstleistungen"}]},{"@type":"WebSite","@id":"https:\/\/makevents.com.tr\/de\/#website","url":"https:\/\/makevents.com.tr\/de\/","name":"Make Events","description":"Event Management &amp; Organization \u0421ompany in Turkey | Make Events","publisher":{"@id":"https:\/\/makevents.com.tr\/de\/#organization"},"potentialAction":[{"@type":"SearchAction","target":{"@type":"EntryPoint","urlTemplate":"https:\/\/makevents.com.tr\/de\/?s={search_term_string}"},"query-input":{"@type":"PropertyValueSpecification","valueRequired":true,"valueName":"search_term_string"}}],"inLanguage":"de"},{"@type":"Organization","@id":"https:\/\/makevents.com.tr\/de\/#organization","name":"Make Events","url":"https:\/\/makevents.com.tr\/de\/","logo":{"@type":"ImageObject","inLanguage":"de","@id":"https:\/\/makevents.com.tr\/de\/#\/schema\/logo\/image\/","url":"https:\/\/makevents.com.tr\/wp-content\/uploads\/2025\/12\/Logo.jpg","contentUrl":"https:\/\/makevents.com.tr\/wp-content\/uploads\/2025\/12\/Logo.jpg","width":696,"height":696,"caption":"Make Events"},"image":{"@id":"https:\/\/makevents.com.tr\/de\/#\/schema\/logo\/image\/"},"sameAs":["https:\/\/www.facebook.com\/profile.php?id=61584428890322&sfnsn=wa","https:\/\/www.instagram.com\/makevents_tr?igsh=MTI2dGRvZnhvb3Vjeg=="]}]}},"_links":{"self":[{"href":"https:\/\/makevents.com.tr\/de\/wp-json\/wp\/v2\/pages\/474","targetHints":{"allow":["GET"]}}],"collection":[{"href":"https:\/\/makevents.com.tr\/de\/wp-json\/wp\/v2\/pages"}],"about":[{"href":"https:\/\/makevents.com.tr\/de\/wp-json\/wp\/v2\/types\/page"}],"author":[{"embeddable":true,"href":"https:\/\/makevents.com.tr\/de\/wp-json\/wp\/v2\/users\/1"}],"replies":[{"embeddable":true,"href":"https:\/\/makevents.com.tr\/de\/wp-json\/wp\/v2\/comments?post=474"}],"version-history":[{"count":11,"href":"https:\/\/makevents.com.tr\/de\/wp-json\/wp\/v2\/pages\/474\/revisions"}],"predecessor-version":[{"id":2311,"href":"https:\/\/makevents.com.tr\/de\/wp-json\/wp\/v2\/pages\/474\/revisions\/2311"}],"wp:attachment":[{"href":"https:\/\/makevents.com.tr\/de\/wp-json\/wp\/v2\/media?parent=474"}],"curies":[{"name":"wp","href":"https:\/\/api.w.org\/{rel}","templated":true}]}}